{"id":20,"date":"2023-01-29T20:38:47","date_gmt":"2023-01-29T20:38:47","guid":{"rendered":"http:\/\/trueware.mx\/?page_id=20"},"modified":"2025-03-31T11:52:46","modified_gmt":"2025-03-31T17:52:46","slug":"punto-de-venta","status":"publish","type":"page","link":"http:\/\/trueware.mx\/index.php\/punto-de-venta\/","title":{"rendered":"Punto de Venta"},"content":{"rendered":"\n<p>Imagina tener\u00a0<strong>toda tu administraci\u00f3n\u00a0<\/strong>en\u00a0<strong>l\u00ednea<\/strong>, disponible siempre, en cualquier momento, en cualquier lugar<\/p>\n\n\n\n<p><strong>Trueware <\/strong>es una plataforma en la nube para&nbsp;<strong>administrar<\/strong>&nbsp;empresas de cualquier tama\u00f1o y con cualquier n\u00famero de sucursales de forma centralizada, r\u00e1pida, precisa y sin la necesidad de estar f\u00edsicamente all\u00ed.<\/p>\n\n\n\n<p>Con <strong>Trueware punto de venta<\/strong> puede:<\/p>\n\n\n\n<blockquote class=\"wp-block-quote is-layout-flow wp-block-quote-is-layout-flow\">\n<ul class=\"wp-block-list\">\n<li>Sincronizarse a la perfecci\u00f3n con b\u00e1sculas, cajones de dinero, lectores de c\u00f3digo de barras, impresoras de tickets y otros dispositivos.<\/li>\n\n\n\n<li>Emitir Comprobantes Fiscales Digitales por Internet CFDI 4.0 acordes con las disposiciones del SAT.<\/li>\n\n\n\n<li>Facilitar reportes estad\u00edsticos de ventas por sucursal, cajero, horario y comisiones por vendedor.<\/li>\n\n\n\n<li>Vende en ruta desde tu celular y una impresora m\u00f3vil.<\/li>\n<\/ul>\n\n\n\n<p>.<\/p>\n<\/blockquote>\n\n\n\n<figure class=\"wp-block-image size-full\"><img loading=\"lazy\" decoding=\"async\" width=\"750\" height=\"350\" src=\"http:\/\/trueware.mx\/wp-content\/uploads\/2023\/01\/trueware-punto-de-venta-banner1-2.jpg\" alt=\"\" class=\"wp-image-21\" srcset=\"http:\/\/trueware.mx\/wp-content\/uploads\/2023\/01\/trueware-punto-de-venta-banner1-2.jpg 750w, http:\/\/trueware.mx\/wp-content\/uploads\/2023\/01\/trueware-punto-de-venta-banner1-2-300x140.jpg 300w\" sizes=\"auto, (max-width: 750px) 100vw, 750px\" \/><\/figure>\n","protected":false},"excerpt":{"rendered":"<p>Imagina tener\u00a0toda tu administraci\u00f3n\u00a0en\u00a0l\u00ednea, disponible siempre, en cualquier momento, en cualquier lugar Trueware es una plataforma en la nube para&nbsp;administrar&nbsp;empresas de cualquier tama\u00f1o y con cualquier n\u00famero de sucursales de forma centralizada, r\u00e1pida, precisa y sin la necesidad de estar f\u00edsicamente all\u00ed. Con Trueware punto de venta puede:<\/p>\n","protected":false},"author":1,"featured_media":0,"parent":0,"menu_order":0,"comment_status":"closed","ping_status":"closed","template":"","meta":{"footnotes":""},"class_list":["post-20","page","type-page","status-publish","hentry"],"_links":{"self":[{"href":"http:\/\/trueware.mx\/index.php\/wp-json\/wp\/v2\/pages\/20","targetHints":{"allow":["GET"]}}],"collection":[{"href":"http:\/\/trueware.mx\/index.php\/wp-json\/wp\/v2\/pages"}],"about":[{"href":"http:\/\/trueware.mx\/index.php\/wp-json\/wp\/v2\/types\/page"}],"author":[{"embeddable":true,"href":"http:\/\/trueware.mx\/index.php\/wp-json\/wp\/v2\/users\/1"}],"replies":[{"embeddable":true,"href":"http:\/\/trueware.mx\/index.php\/wp-json\/wp\/v2\/comments?post=20"}],"version-history":[{"count":2,"href":"http:\/\/trueware.mx\/index.php\/wp-json\/wp\/v2\/pages\/20\/revisions"}],"predecessor-version":[{"id":55,"href":"http:\/\/trueware.mx\/index.php\/wp-json\/wp\/v2\/pages\/20\/revisions\/55"}],"wp:attachment":[{"href":"http:\/\/trueware.mx\/index.php\/wp-json\/wp\/v2\/media?parent=20"}],"curies":[{"name":"wp","href":"https:\/\/api.w.org\/{rel}","templated":true}]}}