{"id":18,"date":"2023-01-29T20:34:56","date_gmt":"2023-01-29T20:34:56","guid":{"rendered":"http:\/\/trueware.mx\/?page_id=18"},"modified":"2023-01-30T04:14:00","modified_gmt":"2023-01-30T04:14:00","slug":"facturacion","status":"publish","type":"page","link":"https:\/\/trueware.mx\/index.php\/facturacion\/","title":{"rendered":"Facturaci\u00f3n"},"content":{"rendered":"\n<p>Sistema de Facturaci\u00f3n Electr\u00f3nica <strong>CFDI 4.0<\/strong> para <strong>M\u00e9xico<\/strong><\/p>\n\n\n\n<p>Imagina concentrar tu informaci\u00f3n de ventas y facturaci\u00f3n de tus sucursales en una sola plataforma!<\/p>\n\n\n\n<p>Esto es <strong>Trueware<\/strong>, una <strong>plataforma<\/strong> en la <strong>nube<\/strong> para empresas con una o m\u00e1s sucursales. Disponible siempre, en cualquier momento, en cualquier lugar<\/p>\n\n\n\n<p>Con <strong>Trueware<\/strong> podr\u00e1s:<\/p>\n\n\n\n<ul class=\"wp-block-list\">\n<li>Unificar cat\u00e1logo de clientes de todas tus sucursales<\/li>\n\n\n\n<li>Facturar en sucursales en frontera al 8%<\/li>\n\n\n\n<li>Facturar a tasa 0% o 16%<\/li>\n\n\n\n<li><strong>Cotizar<\/strong> en pesos y dolares<\/li>\n\n\n\n<li><strong>Facturar <\/strong>en pesos o dolares<\/li>\n\n\n\n<li>Generar <strong>notas de cr\u00e9dito<\/strong><\/li>\n\n\n\n<li>Aplicar <strong>complementos <\/strong>de <strong>pago<\/strong><\/li>\n\n\n\n<li><strong>Cancelaciones<\/strong> CFDI<\/li>\n\n\n\n<li>Complemento <strong>Carta Porte<\/strong><\/li>\n<\/ul>\n\n\n\n<figure class=\"wp-block-gallery has-nested-images columns-default is-cropped wp-block-gallery-1 is-layout-flex wp-block-gallery-is-layout-flex\">\n<figure class=\"wp-block-image size-large\"><img loading=\"lazy\" decoding=\"async\" width=\"1024\" height=\"623\" data-id=\"26\" src=\"http:\/\/trueware.mx\/wp-content\/uploads\/2023\/01\/trueware-facturacion-banner1.jpg\" alt=\"\" class=\"wp-image-26\" srcset=\"https:\/\/trueware.mx\/wp-content\/uploads\/2023\/01\/trueware-facturacion-banner1.jpg 1024w, https:\/\/trueware.mx\/wp-content\/uploads\/2023\/01\/trueware-facturacion-banner1-300x183.jpg 300w, https:\/\/trueware.mx\/wp-content\/uploads\/2023\/01\/trueware-facturacion-banner1-768x467.jpg 768w\" sizes=\"auto, (max-width: 1024px) 100vw, 1024px\" \/><\/figure>\n<\/figure>\n","protected":false},"excerpt":{"rendered":"<p>Sistema de Facturaci\u00f3n Electr\u00f3nica CFDI 4.0 para M\u00e9xico Imagina concentrar tu informaci\u00f3n de ventas y facturaci\u00f3n de tus sucursales en una sola plataforma! Esto es Trueware, una plataforma en la nube para empresas con una o m\u00e1s sucursales. Disponible siempre, en cualquier momento, en cualquier lugar Con Trueware podr\u00e1s:<\/p>\n","protected":false},"author":1,"featured_media":0,"parent":0,"menu_order":0,"comment_status":"closed","ping_status":"closed","template":"","meta":{"footnotes":""},"class_list":["post-18","page","type-page","status-publish","hentry"],"_links":{"self":[{"href":"https:\/\/trueware.mx\/index.php\/wp-json\/wp\/v2\/pages\/18","targetHints":{"allow":["GET"]}}],"collection":[{"href":"https:\/\/trueware.mx\/index.php\/wp-json\/wp\/v2\/pages"}],"about":[{"href":"https:\/\/trueware.mx\/index.php\/wp-json\/wp\/v2\/types\/page"}],"author":[{"embeddable":true,"href":"https:\/\/trueware.mx\/index.php\/wp-json\/wp\/v2\/users\/1"}],"replies":[{"embeddable":true,"href":"https:\/\/trueware.mx\/index.php\/wp-json\/wp\/v2\/comments?post=18"}],"version-history":[{"count":4,"href":"https:\/\/trueware.mx\/index.php\/wp-json\/wp\/v2\/pages\/18\/revisions"}],"predecessor-version":[{"id":27,"href":"https:\/\/trueware.mx\/index.php\/wp-json\/wp\/v2\/pages\/18\/revisions\/27"}],"wp:attachment":[{"href":"https:\/\/trueware.mx\/index.php\/wp-json\/wp\/v2\/media?parent=18"}],"curies":[{"name":"wp","href":"https:\/\/api.w.org\/{rel}","templated":true}]}}